{"id":168,"date":"2026-03-24T13:11:55","date_gmt":"2026-03-24T12:11:55","guid":{"rendered":"https:\/\/rossiengine.it\/?page_id=168"},"modified":"2026-03-26T10:56:14","modified_gmt":"2026-03-26T09:56:14","slug":"podcast","status":"publish","type":"page","link":"https:\/\/rossiengine.it\/index.php\/podcast\/","title":{"rendered":"Podcast"},"content":{"rendered":"\n<p>&#8220;Una scintilla. Sessant&#8217;anni fa. Tutto \u00e8 cominciato cos\u00ec. E non si \u00e8 mai fermato.&#8221;<\/p>\n\n\n\n<figure class=\"wp-block-embed alignleft is-type-video is-provider-youtube wp-block-embed-youtube wp-embed-aspect-16-9 wp-has-aspect-ratio\"><div class=\"wp-block-embed__wrapper\">\n<iframe loading=\"lazy\" title=\"Podcast\" width=\"525\" height=\"295\" src=\"https:\/\/www.youtube.com\/embed\/t_GOdH60kgo?feature=oembed\" frameborder=\"0\" allow=\"accelerometer; autoplay; clipboard-write; encrypted-media; gyroscope; picture-in-picture; web-share\" referrerpolicy=\"strict-origin-when-cross-origin\" allowfullscreen><\/iframe>\n<\/div><\/figure>\n\n\n\n<p><\/p>\n\n\n\n<figure class=\"wp-block-embed alignright is-type-video is-provider-youtube wp-block-embed-youtube wp-embed-aspect-16-9 wp-has-aspect-ratio\"><div class=\"wp-block-embed__wrapper\">\n<iframe loading=\"lazy\" title=\"rossi\" width=\"525\" height=\"295\" src=\"https:\/\/www.youtube.com\/embed\/hxvOAYgWDOc?feature=oembed\" frameborder=\"0\" allow=\"accelerometer; autoplay; clipboard-write; encrypted-media; gyroscope; picture-in-picture; web-share\" referrerpolicy=\"strict-origin-when-cross-origin\" allowfullscreen><\/iframe>\n<\/div><\/figure>\n","protected":false},"excerpt":{"rendered":"<p>&#8220;Una scintilla. Sessant&#8217;anni fa. Tutto \u00e8 cominciato cos\u00ec. E non si \u00e8 mai fermato.&#8221;<\/p>\n","protected":false},"author":1,"featured_media":222,"parent":0,"menu_order":0,"comment_status":"closed","ping_status":"closed","template":"","meta":{"footnotes":""},"class_list":["post-168","page","type-page","status-publish","has-post-thumbnail","hentry"],"yoast_head":"<!-- This site is optimized with the Yoast SEO plugin v27.3 - https:\/\/yoast.com\/product\/yoast-seo-wordpress\/ -->\n<title>Podcast -<\/title>\n<meta name=\"robots\" content=\"index, follow, max-snippet:-1, max-image-preview:large, max-video-preview:-1\" \/>\n<link rel=\"canonical\" href=\"https:\/\/rossiengine.it\/index.php\/podcast\/\" \/>\n<meta property=\"og:locale\" content=\"it_IT\" \/>\n<meta property=\"og:type\" content=\"article\" \/>\n<meta property=\"og:title\" content=\"Podcast -\" \/>\n<meta property=\"og:description\" content=\"&#8220;Una scintilla. Sessant&#8217;anni fa. Tutto \u00e8 cominciato cos\u00ec. E non si \u00e8 mai fermato.&#8221;\" \/>\n<meta property=\"og:url\" content=\"https:\/\/rossiengine.it\/index.php\/podcast\/\" \/>\n<meta property=\"article:modified_time\" content=\"2026-03-26T09:56:14+00:00\" \/>\n<meta property=\"og:image\" content=\"https:\/\/rossiengine.it\/wp-content\/uploads\/2026\/03\/bb.jpg\" \/>\n\t<meta property=\"og:image:width\" content=\"2000\" \/>\n\t<meta property=\"og:image:height\" content=\"1198\" \/>\n\t<meta property=\"og:image:type\" content=\"image\/jpeg\" \/>\n<meta name=\"twitter:card\" content=\"summary_large_image\" \/>\n<meta name=\"twitter:label1\" content=\"Tempo di lettura stimato\" \/>\n\t<meta name=\"twitter:data1\" content=\"1 minuto\" \/>\n<script type=\"application\/ld+json\" class=\"yoast-schema-graph\">{\"@context\":\"https:\\\/\\\/schema.org\",\"@graph\":[{\"@type\":\"WebPage\",\"@id\":\"https:\\\/\\\/rossiengine.it\\\/index.php\\\/podcast\\\/\",\"url\":\"https:\\\/\\\/rossiengine.it\\\/index.php\\\/podcast\\\/\",\"name\":\"Podcast -\",\"isPartOf\":{\"@id\":\"https:\\\/\\\/rossiengine.it\\\/#website\"},\"primaryImageOfPage\":{\"@id\":\"https:\\\/\\\/rossiengine.it\\\/index.php\\\/podcast\\\/#primaryimage\"},\"image\":{\"@id\":\"https:\\\/\\\/rossiengine.it\\\/index.php\\\/podcast\\\/#primaryimage\"},\"thumbnailUrl\":\"https:\\\/\\\/rossiengine.it\\\/wp-content\\\/uploads\\\/2026\\\/03\\\/bb.jpg\",\"datePublished\":\"2026-03-24T12:11:55+00:00\",\"dateModified\":\"2026-03-26T09:56:14+00:00\",\"breadcrumb\":{\"@id\":\"https:\\\/\\\/rossiengine.it\\\/index.php\\\/podcast\\\/#breadcrumb\"},\"inLanguage\":\"it-IT\",\"potentialAction\":[{\"@type\":\"ReadAction\",\"target\":[\"https:\\\/\\\/rossiengine.it\\\/index.php\\\/podcast\\\/\"]}]},{\"@type\":\"ImageObject\",\"inLanguage\":\"it-IT\",\"@id\":\"https:\\\/\\\/rossiengine.it\\\/index.php\\\/podcast\\\/#primaryimage\",\"url\":\"https:\\\/\\\/rossiengine.it\\\/wp-content\\\/uploads\\\/2026\\\/03\\\/bb.jpg\",\"contentUrl\":\"https:\\\/\\\/rossiengine.it\\\/wp-content\\\/uploads\\\/2026\\\/03\\\/bb.jpg\",\"width\":2000,\"height\":1198,\"caption\":\"Rossi engine\"},{\"@type\":\"BreadcrumbList\",\"@id\":\"https:\\\/\\\/rossiengine.it\\\/index.php\\\/podcast\\\/#breadcrumb\",\"itemListElement\":[{\"@type\":\"ListItem\",\"position\":1,\"name\":\"Home\",\"item\":\"https:\\\/\\\/rossiengine.it\\\/\"},{\"@type\":\"ListItem\",\"position\":2,\"name\":\"Podcast\"}]},{\"@type\":\"WebSite\",\"@id\":\"https:\\\/\\\/rossiengine.it\\\/#website\",\"url\":\"https:\\\/\\\/rossiengine.it\\\/\",\"name\":\"\",\"description\":\"\",\"potentialAction\":[{\"@type\":\"SearchAction\",\"target\":{\"@type\":\"EntryPoint\",\"urlTemplate\":\"https:\\\/\\\/rossiengine.it\\\/?s={search_term_string}\"},\"query-input\":{\"@type\":\"PropertyValueSpecification\",\"valueRequired\":true,\"valueName\":\"search_term_string\"}}],\"inLanguage\":\"it-IT\"}]}<\/script>\n<!-- \/ Yoast SEO plugin. -->","yoast_head_json":{"title":"Podcast -","robots":{"index":"index","follow":"follow","max-snippet":"max-snippet:-1","max-image-preview":"max-image-preview:large","max-video-preview":"max-video-preview:-1"},"canonical":"https:\/\/rossiengine.it\/index.php\/podcast\/","og_locale":"it_IT","og_type":"article","og_title":"Podcast -","og_description":"&#8220;Una scintilla. Sessant&#8217;anni fa. Tutto \u00e8 cominciato cos\u00ec. E non si \u00e8 mai fermato.&#8221;","og_url":"https:\/\/rossiengine.it\/index.php\/podcast\/","article_modified_time":"2026-03-26T09:56:14+00:00","og_image":[{"width":2000,"height":1198,"url":"https:\/\/rossiengine.it\/wp-content\/uploads\/2026\/03\/bb.jpg","type":"image\/jpeg"}],"twitter_card":"summary_large_image","twitter_misc":{"Tempo di lettura stimato":"1 minuto"},"schema":{"@context":"https:\/\/schema.org","@graph":[{"@type":"WebPage","@id":"https:\/\/rossiengine.it\/index.php\/podcast\/","url":"https:\/\/rossiengine.it\/index.php\/podcast\/","name":"Podcast -","isPartOf":{"@id":"https:\/\/rossiengine.it\/#website"},"primaryImageOfPage":{"@id":"https:\/\/rossiengine.it\/index.php\/podcast\/#primaryimage"},"image":{"@id":"https:\/\/rossiengine.it\/index.php\/podcast\/#primaryimage"},"thumbnailUrl":"https:\/\/rossiengine.it\/wp-content\/uploads\/2026\/03\/bb.jpg","datePublished":"2026-03-24T12:11:55+00:00","dateModified":"2026-03-26T09:56:14+00:00","breadcrumb":{"@id":"https:\/\/rossiengine.it\/index.php\/podcast\/#breadcrumb"},"inLanguage":"it-IT","potentialAction":[{"@type":"ReadAction","target":["https:\/\/rossiengine.it\/index.php\/podcast\/"]}]},{"@type":"ImageObject","inLanguage":"it-IT","@id":"https:\/\/rossiengine.it\/index.php\/podcast\/#primaryimage","url":"https:\/\/rossiengine.it\/wp-content\/uploads\/2026\/03\/bb.jpg","contentUrl":"https:\/\/rossiengine.it\/wp-content\/uploads\/2026\/03\/bb.jpg","width":2000,"height":1198,"caption":"Rossi engine"},{"@type":"BreadcrumbList","@id":"https:\/\/rossiengine.it\/index.php\/podcast\/#breadcrumb","itemListElement":[{"@type":"ListItem","position":1,"name":"Home","item":"https:\/\/rossiengine.it\/"},{"@type":"ListItem","position":2,"name":"Podcast"}]},{"@type":"WebSite","@id":"https:\/\/rossiengine.it\/#website","url":"https:\/\/rossiengine.it\/","name":"","description":"","potentialAction":[{"@type":"SearchAction","target":{"@type":"EntryPoint","urlTemplate":"https:\/\/rossiengine.it\/?s={search_term_string}"},"query-input":{"@type":"PropertyValueSpecification","valueRequired":true,"valueName":"search_term_string"}}],"inLanguage":"it-IT"}]}},"_links":{"self":[{"href":"https:\/\/rossiengine.it\/index.php\/wp-json\/wp\/v2\/pages\/168","targetHints":{"allow":["GET"]}}],"collection":[{"href":"https:\/\/rossiengine.it\/index.php\/wp-json\/wp\/v2\/pages"}],"about":[{"href":"https:\/\/rossiengine.it\/index.php\/wp-json\/wp\/v2\/types\/page"}],"author":[{"embeddable":true,"href":"https:\/\/rossiengine.it\/index.php\/wp-json\/wp\/v2\/users\/1"}],"replies":[{"embeddable":true,"href":"https:\/\/rossiengine.it\/index.php\/wp-json\/wp\/v2\/comments?post=168"}],"version-history":[{"count":0,"href":"https:\/\/rossiengine.it\/index.php\/wp-json\/wp\/v2\/pages\/168\/revisions"}],"wp:featuredmedia":[{"embeddable":true,"href":"https:\/\/rossiengine.it\/index.php\/wp-json\/wp\/v2\/media\/222"}],"wp:attachment":[{"href":"https:\/\/rossiengine.it\/index.php\/wp-json\/wp\/v2\/media?parent=168"}],"curies":[{"name":"wp","href":"https:\/\/api.w.org\/{rel}","templated":true}]}}