{"id":224,"date":"2026-03-25T16:04:13","date_gmt":"2026-03-25T15:04:13","guid":{"rendered":"https:\/\/rossiengine.it\/?page_id=224"},"modified":"2026-04-03T18:07:53","modified_gmt":"2026-04-03T16:07:53","slug":"glow-plug","status":"publish","type":"page","link":"https:\/\/rossiengine.it\/index.php\/glow-plug\/","title":{"rendered":"Glow Plug"},"content":{"rendered":"<div class=\"wp-block-image\">\n<figure class=\"alignleft size-large is-resized\"><img loading=\"lazy\" decoding=\"async\" width=\"574\" height=\"1024\" src=\"https:\/\/rossiengine.it\/wp-content\/uploads\/2026\/03\/candela-574x1024.jpg\" alt=\"\" class=\"wp-image-272\" style=\"aspect-ratio:0.5605665300037271;width:107px;height:auto\" srcset=\"https:\/\/rossiengine.it\/wp-content\/uploads\/2026\/03\/candela-574x1024.jpg 574w, https:\/\/rossiengine.it\/wp-content\/uploads\/2026\/03\/candela-168x300.jpg 168w, https:\/\/rossiengine.it\/wp-content\/uploads\/2026\/03\/candela.jpg 700w\" sizes=\"auto, (max-width: 574px) 100vw, 574px\" \/><\/figure>\n<\/div>\n\n\n<p><em>&#8220;C&#8217;\u00e8 un momento prima che tutto cominci, prima del rombo, prima della velocit\u00e0, prima dell&#8217;emozione. \u00c8 il momento in cui una piccola scintilla trasforma carburante e aria in pura energia.&#8221;<\/em><\/p>\n\n\n\n<p>\u00c8 una descrizione efficace per il grande pubblico, ma nasconde un paradosso tecnico che vale la pena svelare: in questi motori, di scintille non ce n&#8217;\u00e8 nemmeno una. La parola \u00e8 usata in senso metaforico, perch\u00e9 la realt\u00e0 \u00e8 tecnicamente molto pi\u00f9 affascinante.<\/p>\n\n\n\n<p>I micro motori a combustione interna utilizzati nel modellismo da competizione \u2014 capaci di raggiungere regimi tra i 30.000 e i 40.000 giri al minuto \u2014 non montano un sistema di accensione elettrica. Niente bobina, niente centralina, niente arco elettrico sincronizzato con il pistone. Al loro posto c&#8217;\u00e8 la&nbsp;<em>glow plug<\/em>, letteralmente &#8220;candela incandescente&#8221;: un componente apparentemente semplice, ma ingegneristicamente straordinario.<\/p>\n\n\n\n<p>Il suo funzionamento si basa su un principio di catalisi chimica. Il filamento interno, realizzato in una lega contenente platino o iridio, agisce da catalizzatore a contatto con il metanolo presente nella miscela carburante. Una volta portato in temperatura \u2014 operazione che si esegue una sola volta all&#8217;avviamento, con una breve applicazione di corrente esterna \u2014 il filamento non si spegne pi\u00f9. Il calore generato dalla combustione stessa, combinato con la pressione elevatissima nella camera e con l&#8217;azione catalitica del metallo, \u00e8 sufficiente a innescare ogni ciclo successivo in modo autonomo e autosufficiente.<\/p>\n\n\n\n<p>Il punto critico, e dove risiede la vera sfida ingegneristica, \u00e8 la temporizzazione. La combustione deve avvenire esattamente nel momento giusto rispetto alla posizione del pistone: n\u00e9 troppo presto, n\u00e9 troppo tardi. Questo &#8220;momento giusto&#8221; non \u00e8 controllato da nessun sistema elettronico, ma \u00e8 interamente determinato dalle propriet\u00e0 fisiche del filamento \u2014 il suo spessore, la sua massa termica, la composizione della lega. Progettare un filamento che risponda in modo preciso a 40.000 cicli al minuto, in condizioni di temperatura e pressione estreme, \u00e8 ci\u00f2 che distingue una candela mediocre da una da campionato. Non elettronica, non software: metallurgia pura.<\/p>\n\n\n\n<figure class=\"wp-block-image size-large\"><img loading=\"lazy\" decoding=\"async\" width=\"1024\" height=\"614\" src=\"https:\/\/rossiengine.it\/wp-content\/uploads\/2026\/03\/Anatomia-di-una-passione-1024x614.jpg\" alt=\"Rossi Engine: L'Anatomia della Passione dal 1960\" class=\"wp-image-319\" srcset=\"https:\/\/rossiengine.it\/wp-content\/uploads\/2026\/03\/Anatomia-di-una-passione-1024x614.jpg 1024w, https:\/\/rossiengine.it\/wp-content\/uploads\/2026\/03\/Anatomia-di-una-passione-300x180.jpg 300w, https:\/\/rossiengine.it\/wp-content\/uploads\/2026\/03\/Anatomia-di-una-passione-768x460.jpg 768w, https:\/\/rossiengine.it\/wp-content\/uploads\/2026\/03\/Anatomia-di-una-passione-1536x921.jpg 1536w, https:\/\/rossiengine.it\/wp-content\/uploads\/2026\/03\/Anatomia-di-una-passione.jpg 2000w\" sizes=\"auto, (max-width: 767px) 89vw, (max-width: 1000px) 54vw, (max-width: 1071px) 543px, 580px\" \/><figcaption class=\"wp-element-caption\">SRossi Enginecreenshot<\/figcaption><\/figure>\n\n\n\n<p><\/p>\n\n\n\n<p><\/p>\n","protected":false},"excerpt":{"rendered":"<p>&#8220;C&#8217;\u00e8 un momento prima che tutto cominci, prima del rombo, prima della velocit\u00e0, prima dell&#8217;emozione. \u00c8 il momento in cui una piccola scintilla trasforma carburante e aria in pura energia.&#8221; \u00c8 una descrizione efficace per il grande pubblico, ma nasconde un paradosso tecnico che vale la pena svelare: in questi motori, di scintille non ce &hellip; <\/p>\n<p class=\"link-more\"><a href=\"https:\/\/rossiengine.it\/index.php\/glow-plug\/\" class=\"more-link\">Leggi tutto<span class=\"screen-reader-text\"> &#8220;Glow Plug&#8221;<\/span><\/a><\/p>\n","protected":false},"author":1,"featured_media":229,"parent":0,"menu_order":0,"comment_status":"closed","ping_status":"closed","template":"","meta":{"footnotes":""},"class_list":["post-224","page","type-page","status-publish","has-post-thumbnail","hentry"],"yoast_head":"<!-- This site is optimized with the Yoast SEO plugin v27.3 - https:\/\/yoast.com\/product\/yoast-seo-wordpress\/ -->\n<title>Glow Plug -<\/title>\n<meta name=\"robots\" content=\"index, follow, max-snippet:-1, max-image-preview:large, max-video-preview:-1\" \/>\n<link rel=\"canonical\" href=\"https:\/\/rossiengine.it\/index.php\/glow-plug\/\" \/>\n<meta property=\"og:locale\" content=\"it_IT\" \/>\n<meta property=\"og:type\" content=\"article\" \/>\n<meta property=\"og:title\" content=\"Glow Plug -\" \/>\n<meta property=\"og:description\" content=\"&#8220;C&#8217;\u00e8 un momento prima che tutto cominci, prima del rombo, prima della velocit\u00e0, prima dell&#8217;emozione. \u00c8 il momento in cui una piccola scintilla trasforma carburante e aria in pura energia.&#8221; \u00c8 una descrizione efficace per il grande pubblico, ma nasconde un paradosso tecnico che vale la pena svelare: in questi motori, di scintille non ce &hellip; Leggi tutto &quot;Glow Plug&quot;\" \/>\n<meta property=\"og:url\" content=\"https:\/\/rossiengine.it\/index.php\/glow-plug\/\" \/>\n<meta property=\"article:modified_time\" content=\"2026-04-03T16:07:53+00:00\" \/>\n<meta property=\"og:image\" content=\"https:\/\/rossiengine.it\/wp-content\/uploads\/2026\/03\/Glow-Plug.png\" \/>\n\t<meta property=\"og:image:width\" content=\"2000\" \/>\n\t<meta property=\"og:image:height\" content=\"1196\" \/>\n\t<meta property=\"og:image:type\" content=\"image\/png\" \/>\n<meta name=\"twitter:card\" content=\"summary_large_image\" \/>\n<meta name=\"twitter:label1\" content=\"Tempo di lettura stimato\" \/>\n\t<meta name=\"twitter:data1\" content=\"3 minuti\" \/>\n<script type=\"application\/ld+json\" class=\"yoast-schema-graph\">{\"@context\":\"https:\\\/\\\/schema.org\",\"@graph\":[{\"@type\":\"WebPage\",\"@id\":\"https:\\\/\\\/rossiengine.it\\\/index.php\\\/glow-plug\\\/\",\"url\":\"https:\\\/\\\/rossiengine.it\\\/index.php\\\/glow-plug\\\/\",\"name\":\"Glow Plug -\",\"isPartOf\":{\"@id\":\"https:\\\/\\\/rossiengine.it\\\/#website\"},\"primaryImageOfPage\":{\"@id\":\"https:\\\/\\\/rossiengine.it\\\/index.php\\\/glow-plug\\\/#primaryimage\"},\"image\":{\"@id\":\"https:\\\/\\\/rossiengine.it\\\/index.php\\\/glow-plug\\\/#primaryimage\"},\"thumbnailUrl\":\"https:\\\/\\\/rossiengine.it\\\/wp-content\\\/uploads\\\/2026\\\/03\\\/Glow-Plug.png\",\"datePublished\":\"2026-03-25T15:04:13+00:00\",\"dateModified\":\"2026-04-03T16:07:53+00:00\",\"breadcrumb\":{\"@id\":\"https:\\\/\\\/rossiengine.it\\\/index.php\\\/glow-plug\\\/#breadcrumb\"},\"inLanguage\":\"it-IT\",\"potentialAction\":[{\"@type\":\"ReadAction\",\"target\":[\"https:\\\/\\\/rossiengine.it\\\/index.php\\\/glow-plug\\\/\"]}]},{\"@type\":\"ImageObject\",\"inLanguage\":\"it-IT\",\"@id\":\"https:\\\/\\\/rossiengine.it\\\/index.php\\\/glow-plug\\\/#primaryimage\",\"url\":\"https:\\\/\\\/rossiengine.it\\\/wp-content\\\/uploads\\\/2026\\\/03\\\/Glow-Plug.png\",\"contentUrl\":\"https:\\\/\\\/rossiengine.it\\\/wp-content\\\/uploads\\\/2026\\\/03\\\/Glow-Plug.png\",\"width\":2000,\"height\":1196,\"caption\":\"Ogni gara, ogni volo, ogni deriva su pista merita il meglio. Le nostre Glow Plug nascono dalla stessa cura artigianale con cui tu costruisci il tuo modello.\"},{\"@type\":\"BreadcrumbList\",\"@id\":\"https:\\\/\\\/rossiengine.it\\\/index.php\\\/glow-plug\\\/#breadcrumb\",\"itemListElement\":[{\"@type\":\"ListItem\",\"position\":1,\"name\":\"Home\",\"item\":\"https:\\\/\\\/rossiengine.it\\\/\"},{\"@type\":\"ListItem\",\"position\":2,\"name\":\"Glow Plug\"}]},{\"@type\":\"WebSite\",\"@id\":\"https:\\\/\\\/rossiengine.it\\\/#website\",\"url\":\"https:\\\/\\\/rossiengine.it\\\/\",\"name\":\"\",\"description\":\"\",\"potentialAction\":[{\"@type\":\"SearchAction\",\"target\":{\"@type\":\"EntryPoint\",\"urlTemplate\":\"https:\\\/\\\/rossiengine.it\\\/?s={search_term_string}\"},\"query-input\":{\"@type\":\"PropertyValueSpecification\",\"valueRequired\":true,\"valueName\":\"search_term_string\"}}],\"inLanguage\":\"it-IT\"}]}<\/script>\n<!-- \/ Yoast SEO plugin. -->","yoast_head_json":{"title":"Glow Plug -","robots":{"index":"index","follow":"follow","max-snippet":"max-snippet:-1","max-image-preview":"max-image-preview:large","max-video-preview":"max-video-preview:-1"},"canonical":"https:\/\/rossiengine.it\/index.php\/glow-plug\/","og_locale":"it_IT","og_type":"article","og_title":"Glow Plug -","og_description":"&#8220;C&#8217;\u00e8 un momento prima che tutto cominci, prima del rombo, prima della velocit\u00e0, prima dell&#8217;emozione. \u00c8 il momento in cui una piccola scintilla trasforma carburante e aria in pura energia.&#8221; \u00c8 una descrizione efficace per il grande pubblico, ma nasconde un paradosso tecnico che vale la pena svelare: in questi motori, di scintille non ce &hellip; Leggi tutto \"Glow Plug\"","og_url":"https:\/\/rossiengine.it\/index.php\/glow-plug\/","article_modified_time":"2026-04-03T16:07:53+00:00","og_image":[{"width":2000,"height":1196,"url":"https:\/\/rossiengine.it\/wp-content\/uploads\/2026\/03\/Glow-Plug.png","type":"image\/png"}],"twitter_card":"summary_large_image","twitter_misc":{"Tempo di lettura stimato":"3 minuti"},"schema":{"@context":"https:\/\/schema.org","@graph":[{"@type":"WebPage","@id":"https:\/\/rossiengine.it\/index.php\/glow-plug\/","url":"https:\/\/rossiengine.it\/index.php\/glow-plug\/","name":"Glow Plug -","isPartOf":{"@id":"https:\/\/rossiengine.it\/#website"},"primaryImageOfPage":{"@id":"https:\/\/rossiengine.it\/index.php\/glow-plug\/#primaryimage"},"image":{"@id":"https:\/\/rossiengine.it\/index.php\/glow-plug\/#primaryimage"},"thumbnailUrl":"https:\/\/rossiengine.it\/wp-content\/uploads\/2026\/03\/Glow-Plug.png","datePublished":"2026-03-25T15:04:13+00:00","dateModified":"2026-04-03T16:07:53+00:00","breadcrumb":{"@id":"https:\/\/rossiengine.it\/index.php\/glow-plug\/#breadcrumb"},"inLanguage":"it-IT","potentialAction":[{"@type":"ReadAction","target":["https:\/\/rossiengine.it\/index.php\/glow-plug\/"]}]},{"@type":"ImageObject","inLanguage":"it-IT","@id":"https:\/\/rossiengine.it\/index.php\/glow-plug\/#primaryimage","url":"https:\/\/rossiengine.it\/wp-content\/uploads\/2026\/03\/Glow-Plug.png","contentUrl":"https:\/\/rossiengine.it\/wp-content\/uploads\/2026\/03\/Glow-Plug.png","width":2000,"height":1196,"caption":"Ogni gara, ogni volo, ogni deriva su pista merita il meglio. Le nostre Glow Plug nascono dalla stessa cura artigianale con cui tu costruisci il tuo modello."},{"@type":"BreadcrumbList","@id":"https:\/\/rossiengine.it\/index.php\/glow-plug\/#breadcrumb","itemListElement":[{"@type":"ListItem","position":1,"name":"Home","item":"https:\/\/rossiengine.it\/"},{"@type":"ListItem","position":2,"name":"Glow Plug"}]},{"@type":"WebSite","@id":"https:\/\/rossiengine.it\/#website","url":"https:\/\/rossiengine.it\/","name":"","description":"","potentialAction":[{"@type":"SearchAction","target":{"@type":"EntryPoint","urlTemplate":"https:\/\/rossiengine.it\/?s={search_term_string}"},"query-input":{"@type":"PropertyValueSpecification","valueRequired":true,"valueName":"search_term_string"}}],"inLanguage":"it-IT"}]}},"_links":{"self":[{"href":"https:\/\/rossiengine.it\/index.php\/wp-json\/wp\/v2\/pages\/224","targetHints":{"allow":["GET"]}}],"collection":[{"href":"https:\/\/rossiengine.it\/index.php\/wp-json\/wp\/v2\/pages"}],"about":[{"href":"https:\/\/rossiengine.it\/index.php\/wp-json\/wp\/v2\/types\/page"}],"author":[{"embeddable":true,"href":"https:\/\/rossiengine.it\/index.php\/wp-json\/wp\/v2\/users\/1"}],"replies":[{"embeddable":true,"href":"https:\/\/rossiengine.it\/index.php\/wp-json\/wp\/v2\/comments?post=224"}],"version-history":[{"count":3,"href":"https:\/\/rossiengine.it\/index.php\/wp-json\/wp\/v2\/pages\/224\/revisions"}],"predecessor-version":[{"id":334,"href":"https:\/\/rossiengine.it\/index.php\/wp-json\/wp\/v2\/pages\/224\/revisions\/334"}],"wp:featuredmedia":[{"embeddable":true,"href":"https:\/\/rossiengine.it\/index.php\/wp-json\/wp\/v2\/media\/229"}],"wp:attachment":[{"href":"https:\/\/rossiengine.it\/index.php\/wp-json\/wp\/v2\/media?parent=224"}],"curies":[{"name":"wp","href":"https:\/\/api.w.org\/{rel}","templated":true}]}}